{"id":66,"date":"2020-12-04T18:48:47","date_gmt":"2020-12-04T17:48:47","guid":{"rendered":"http:\/\/scorpius.walbrzych.pl\/?page_id=66"},"modified":"2026-02-20T19:45:04","modified_gmt":"2026-02-20T18:45:04","slug":"strona-glowna","status":"publish","type":"page","link":"http:\/\/scorpius.walbrzych.pl\/","title":{"rendered":"Strona G\u0142\u00f3wna"},"content":{"rendered":"\n<p><\/p>\n\n\n\n<h2>ZAPISY NA KURS <br>W TRYBIE CI\u0104G\u0141YM. <br>\ud83d\udea8\ud83d\udea6\ud83d\ude98<\/p><br><marquee direction=\"left\" scrollamount=\"6\" scrolldelay=\"3\" onmouseover=\"this.stop()\" onmouseout=\"this.start()\"><span style=\"color: yellow\">\n\t<span style=\"font-size: 46px\"><span class=\"brown bold\" <br> \u260e\ufe0f 724 733 703 &#8211; ul. Andersa 184   <br>Zapraszamy !!!<br><\/span><\/span><p><\/p>\n<\/span><\/marquee><\/h2>\n        \n        <div class=\"row 200%\">\n            <section class=\"4u 12u$(small)\">\n                <i class=\"icon big rounded fa fa-clock-o\"><\/i>\n                <p>\n                    <span class=\"clear-top-margin red bold\">BON UPOMINKOWY VOUCHER<\/span>\n                    <\/p><ul>\n                        <li>informujemy, \u017ce jest u nas mo\u017cliwo\u015b\u0107 wykupienia VOUCHERA imiennego na kurs prawa jazdy<\/li>\n                        <li>jazdy doszkalaj\u0105ce ( na dowoln\u0105 ilo\u015b\u0107 godzin)<\/li>\n                        <li> VOUCHER mo\u017cna zam\u00f3wi\u0107 w prosty spos\u00f3b, dzwoni\u0105c pod numer tel. 724733703 lub przychodz\u0105c do biura przy ul. Andersa 184.<\/li>\n                    <\/ul>\n                    <span class=\"red bold\">Przy zakupie VOUCHERA wydajemy materia\u0142y szkoleniowe, kt\u00f3re mo\u017cna do\u0142\u0105czy\u0107 do prezentu.<\/span>\n                    Organizujemy jazdy po placu manewrowym DORD, samochodem szkoleniowym.\n                    Jazdy rozpoczynamy i ko\u0144czymy w rejonach tras egzaminacyjnych.\n                    Dost\u0119pny samoch\u00f3d: TOYOTA YARIS IV GENERACJI.\n                    Zapraszamy na zapisy i \u017cyczymy udanego kursu !!!\n                    <br><br>\n                   \n\n                <p><\/p>\n            <\/section>\n            <section class=\"4u 12u$(small)\">\n                <i class=\"icon big rounded fa fa-comments\"><\/i>\n                <p>\n                    <span class=\"clear-top-margin light-blue bold\">Jak si\u0119 zapisa\u0107 na kurs nauki jazdy po 19 stycznia 2013 roku?<\/span>\n                    1 &#8211; potrzebujemy orzeczenie lekarskie, stwierdzaj\u0105ce brak przeciwwskaza\u0144 zdrowotnych do kierowania pojazdami <br>\n                    2 &#8211; wyra\u017an\u0105 i aktualn\u0105 fotografi\u0119 o wymiarach 3,5 x 4,5<br>\n                    3 &#8211; pisemna zgod\u0119 rodzic\u00f3w, je\u017celi osoba nie uko\u0144czy\u0142a 18 lat<br>\n                    4 &#8211; do wgl\u0105du<br>\n                    &#8211; dokument to\u017csamo\u015bci<br>\n                    &#8211; cudzoziemiec do\u0142\u0105cza kart\u0119 sta\u0142ego pobytu.<br>\n                    5 &#8211; na miejscu Biura Komunikacji Urz\u0119du Miejskiego przy ul. Sienkiewicza 9 (wej\u015bcie B)\n                    wype\u0142niamy wniosek o wydanie prawa jazdy.<br>\n                    6 &#8211; Urz\u0119dnik bezp\u0142atnie na miejscu stworzy nasz profil, wydrukuje jego numer PKK i udajemy si\u0119 do wybranej szko\u0142y jazdy.\n                <\/p>\n            <\/section>\n            <section class=\"4u$ 12u$(small)\">\n                <i class=\"icon big rounded fa fa-user\"><\/i>\n                <p class=\"light-blue bold\">\n                    Szko\u0142a Jazdy &#8222;SCORPIUS&#8221; Artur Solecki\n                    <\/p><ul class=\"light-white bold\">\n                        <li>To szko\u0142a z tradycjami i osi\u0105gni\u0119ciami\n                        istnieje od 1991r. Prawo jazdy to poczucie bezpiecze\u0144stwa, kt\u00f3re daje wiedza o ruchu drogowym.\n                        Jako pieszy, jeste\u015b bezbronny &#8211; przechodzisz przez ulic\u0119, ale nie wiesz, jakie przys\u0142uguj\u0105 Ci\n                        prawa. Jako kierowca zobaczysz \u015bwiat z innej perspektywy. Pieszy posiadaj\u0105cy prawo jazdy bezpieczniej zachowuje si\u0119 przed przej\u015bciem dla pieszych od os\u00f3b, kt\u00f3re nie uczestniczy\u0142y na kursie prawa jazdy.<\/li>\n                    <\/ul>\n                <p><\/p>\n            <\/section>\n        <\/div>\n","protected":false},"excerpt":{"rendered":"<p>ZAPISY NA KURS W TRYBIE CI\u0104G\u0141YM. \ud83d\udea8\ud83d\udea6\ud83d\ude98<\/p>\n","protected":false},"author":1,"featured_media":0,"parent":0,"menu_order":0,"comment_status":"closed","ping_status":"closed","template":"page-glowna.php","meta":{"spay_email":"","footnotes":""},"class_list":["post-66","page","type-page","status-publish","hentry"],"jetpack-related-posts":[{"id":2,"url":"http:\/\/scorpius.walbrzych.pl\/?page_id=2","url_meta":{"origin":66,"position":0},"title":"Kursy","date":"17 wrze\u015bnia 2020","format":false,"excerpt":"Najbli\u017csze kursy kat. B KategorieData rozpocz\u0119ciaCenaBKURS PODSTAWOWY - zapisy w trybie ci\u0105g\u0142ym, codziennie4 200 PLNBKURS WEEKENDOWYKURS EXPRESOWY (20 dni)KURS EXPRESOWY (10 dni)5 400 PLN5 400 PLN6 300 PLNBKURS PODSTAWOWY (p\u0142atno\u015b\u0107 ratalna)4 400 PLN","rel":"","context":"Similar post","img":{"alt_text":"","src":"","width":0,"height":0},"classes":[]},{"id":15,"url":"http:\/\/scorpius.walbrzych.pl\/?page_id=15","url_meta":{"origin":66,"position":1},"title":"Cennik","date":"30 wrze\u015bnia 2020","format":false,"excerpt":"Cennik obowi\u0105zuje od 10.04.2026 r. Kategoria prawa jazdy \"B\" cena kursu 4200z\u0142. Mo\u017cliwo\u015b\u0107 p\u0142atno\u015bci ratalnej cena kursu 4400 z\u0142. Cena z dnia zapisu gwarantowana w okresie 3 miesi\u0119cy do zako\u0144czenia szkolenia, jednak nie ni\u017csza ni\u017c cena w dniu zapisu. U nas proste zasady i raty 0%\u00a0- bez um\u00f3w i prowizji.\u2026","rel":"","context":"Similar post","img":{"alt_text":"","src":"","width":0,"height":0},"classes":[]},{"id":43,"url":"http:\/\/scorpius.walbrzych.pl\/?page_id=43","url_meta":{"origin":66,"position":2},"title":"&amp; Ustawy","date":"22 pa\u017adziernika 2020","format":false,"excerpt":"USTAWY & 1. Zgodnie z Rozporz\u0105dzeniem Ministra Infrastruktury i Budownictwa z dnia 4 marca 2016 r. w sprawie szkolenia os\u00f3b ubiegaj\u0105cych si\u0119 o uprawnienia do kierowania pojazdami, instruktor\u00f3w i wyk\u0142adowc\u00f3w (Dz. U. 2016 poz.280 \u00a718 pkt.2) \u201e\u00a0Karty przeprowadzonych zaj\u0119\u0107 os\u00f3b wpisanych do ksi\u0105\u017cki ewidencji os\u00f3b szkolonych oraz kopie kart przeprowadzonych\u2026","rel":"","context":"Similar post","img":{"alt_text":"","src":"https:\/\/i0.wp.com\/scorpius.walbrzych.pl\/wp-content\/uploads\/2020\/12\/130587795_407659507144254_5536703151402551794_n.jpg?fit=900%2C1200&resize=350%2C200","width":350,"height":200},"classes":[]}],"_links":{"self":[{"href":"http:\/\/scorpius.walbrzych.pl\/index.php?rest_route=\/wp\/v2\/pages\/66","targetHints":{"allow":["GET"]}}],"collection":[{"href":"http:\/\/scorpius.walbrzych.pl\/index.php?rest_route=\/wp\/v2\/pages"}],"about":[{"href":"http:\/\/scorpius.walbrzych.pl\/index.php?rest_route=\/wp\/v2\/types\/page"}],"author":[{"embeddable":true,"href":"http:\/\/scorpius.walbrzych.pl\/index.php?rest_route=\/wp\/v2\/users\/1"}],"replies":[{"embeddable":true,"href":"http:\/\/scorpius.walbrzych.pl\/index.php?rest_route=%2Fwp%2Fv2%2Fcomments&post=66"}],"version-history":[{"count":404,"href":"http:\/\/scorpius.walbrzych.pl\/index.php?rest_route=\/wp\/v2\/pages\/66\/revisions"}],"predecessor-version":[{"id":926,"href":"http:\/\/scorpius.walbrzych.pl\/index.php?rest_route=\/wp\/v2\/pages\/66\/revisions\/926"}],"wp:attachment":[{"href":"http:\/\/scorpius.walbrzych.pl\/index.php?rest_route=%2Fwp%2Fv2%2Fmedia&parent=66"}],"curies":[{"name":"wp","href":"https:\/\/api.w.org\/{rel}","templated":true}]}}