{"id":43,"date":"2020-10-22T16:11:47","date_gmt":"2020-10-22T14:11:47","guid":{"rendered":"http:\/\/localhost\/scorpius\/?page_id=43"},"modified":"2026-02-07T14:40:21","modified_gmt":"2026-02-07T13:40:21","slug":"aktualnosci","status":"publish","type":"page","link":"http:\/\/scorpius.walbrzych.pl\/?page_id=43","title":{"rendered":"&amp; Ustawy"},"content":{"rendered":"\n<p>USTAWY &amp;<\/p>\n\n\n\n<p>1. Zgodnie z Rozporz\u0105dzeniem Ministra Infrastruktury i Budownictwa z dnia 4 marca 2016 r. w sprawie szkolenia os\u00f3b ubiegaj\u0105cych si\u0119 o uprawnienia do kierowania pojazdami, instruktor\u00f3w i wyk\u0142adowc\u00f3w (Dz. U. 2016 poz.280 \u00a718 pkt.2)<\/p>\n\n\n\n<p>\u201e&nbsp;<em>Karty przeprowadzonych zaj\u0119\u0107 os\u00f3b wpisanych do ksi\u0105\u017cki ewidencji os\u00f3b szkolonych oraz kopie kart przeprowadzonych zaj\u0119\u0107 os\u00f3b, kt\u00f3re nie kontynuuj\u0105 szkolenia, przechowuje si\u0119 przez okres 24 miesi\u0119cy od dnia dokonania w nich ostatniego wpisu. Po up\u0142ywie tego okresu karty i ich kopie podlegaj\u0105 zniszczeniu<\/em>.\u201d<\/p>\n\n\n\n<p><\/p>\n\n\n\n<p><\/p>\n\n\n\n<figure class=\"wp-block-image size-full is-resized\"><img decoding=\"async\" src=\"https:\/\/i0.wp.com\/scorpius.walbrzych.pl\/wp-content\/uploads\/2020\/11\/Toyota-1.png\" alt=\"\" class=\"wp-image-59\" style=\"aspect-ratio:2;width:408px;height:auto\" data-recalc-dims=\"1\"\/><\/figure>\n\n\n\n\n\n<h2 class=\"wp-block-heading\"><\/h2>\n","protected":false},"excerpt":{"rendered":"<p>USTAWY &amp; 1. Zgodnie z Rozporz\u0105dzeniem Ministra Infrastruktury i Budownictwa z dnia 4 marca 2016 r. w sprawie szkolenia os\u00f3b ubiegaj\u0105cych si\u0119 o uprawnienia do kierowania pojazdami, instruktor\u00f3w i wyk\u0142adowc\u00f3w (Dz. U. 2016 poz.280 \u00a718 pkt.2) \u201e&nbsp;Karty przeprowadzonych zaj\u0119\u0107 os\u00f3b wpisanych do ksi\u0105\u017cki ewidencji os\u00f3b szkolonych oraz kopie kart przeprowadzonych zaj\u0119\u0107 os\u00f3b, kt\u00f3re nie kontynuuj\u0105 [&hellip;]<\/p>\n","protected":false},"author":1,"featured_media":71,"parent":0,"menu_order":1,"comment_status":"closed","ping_status":"closed","template":"","meta":{"spay_email":"","footnotes":""},"class_list":["post-43","page","type-page","status-publish","has-post-thumbnail","hentry"],"jetpack-related-posts":[{"id":15,"url":"http:\/\/scorpius.walbrzych.pl\/?page_id=15","url_meta":{"origin":43,"position":0},"title":"Cennik","date":"30 wrze\u015bnia 2020","format":false,"excerpt":"Cennik obowi\u0105zuje od 10.04.2026 r. Kategoria prawa jazdy \"B\" cena kursu 4200z\u0142. Mo\u017cliwo\u015b\u0107 p\u0142atno\u015bci ratalnej cena kursu 4400 z\u0142. Cena z dnia zapisu gwarantowana w okresie 3 miesi\u0119cy do zako\u0144czenia szkolenia, jednak nie ni\u017csza ni\u017c cena w dniu zapisu. U nas proste zasady i raty 0%\u00a0- bez um\u00f3w i prowizji.\u2026","rel":"","context":"Similar post","img":{"alt_text":"","src":"","width":0,"height":0},"classes":[]},{"id":66,"url":"http:\/\/scorpius.walbrzych.pl\/","url_meta":{"origin":43,"position":1},"title":"Strona G\u0142\u00f3wna","date":"4 grudnia 2020","format":false,"excerpt":"ZAPISY NA KURS W TRYBIE CI\u0104G\u0141YM. \ud83d\udea8\ud83d\udea6\ud83d\ude98","rel":"","context":"Similar post","img":{"alt_text":"","src":"","width":0,"height":0},"classes":[]},{"id":2,"url":"http:\/\/scorpius.walbrzych.pl\/?page_id=2","url_meta":{"origin":43,"position":2},"title":"Kursy","date":"17 wrze\u015bnia 2020","format":false,"excerpt":"Najbli\u017csze kursy kat. B KategorieData rozpocz\u0119ciaCenaBKURS PODSTAWOWY - zapisy w trybie ci\u0105g\u0142ym, codziennie4 200 PLNBKURS WEEKENDOWYKURS EXPRESOWY (20 dni)KURS EXPRESOWY (10 dni)5 400 PLN5 400 PLN6 300 PLNBKURS PODSTAWOWY (p\u0142atno\u015b\u0107 ratalna)4 400 PLN","rel":"","context":"Similar post","img":{"alt_text":"","src":"","width":0,"height":0},"classes":[]}],"_links":{"self":[{"href":"http:\/\/scorpius.walbrzych.pl\/index.php?rest_route=\/wp\/v2\/pages\/43","targetHints":{"allow":["GET"]}}],"collection":[{"href":"http:\/\/scorpius.walbrzych.pl\/index.php?rest_route=\/wp\/v2\/pages"}],"about":[{"href":"http:\/\/scorpius.walbrzych.pl\/index.php?rest_route=\/wp\/v2\/types\/page"}],"author":[{"embeddable":true,"href":"http:\/\/scorpius.walbrzych.pl\/index.php?rest_route=\/wp\/v2\/users\/1"}],"replies":[{"embeddable":true,"href":"http:\/\/scorpius.walbrzych.pl\/index.php?rest_route=%2Fwp%2Fv2%2Fcomments&post=43"}],"version-history":[{"count":12,"href":"http:\/\/scorpius.walbrzych.pl\/index.php?rest_route=\/wp\/v2\/pages\/43\/revisions"}],"predecessor-version":[{"id":887,"href":"http:\/\/scorpius.walbrzych.pl\/index.php?rest_route=\/wp\/v2\/pages\/43\/revisions\/887"}],"wp:featuredmedia":[{"embeddable":true,"href":"http:\/\/scorpius.walbrzych.pl\/index.php?rest_route=\/wp\/v2\/media\/71"}],"wp:attachment":[{"href":"http:\/\/scorpius.walbrzych.pl\/index.php?rest_route=%2Fwp%2Fv2%2Fmedia&parent=43"}],"curies":[{"name":"wp","href":"https:\/\/api.w.org\/{rel}","templated":true}]}}