{"id":2,"date":"2020-09-17T19:20:42","date_gmt":"2020-09-17T17:20:42","guid":{"rendered":"http:\/\/localhost\/scorpius\/?page_id=2"},"modified":"2026-04-09T20:43:25","modified_gmt":"2026-04-09T18:43:25","slug":"przykladowa-strona","status":"publish","type":"page","link":"http:\/\/scorpius.walbrzych.pl\/?page_id=2","title":{"rendered":"Kursy"},"content":{"rendered":"\n<h4 class=\"wp-block-heading\" id=\"najblizsze-kursy-kat-b\"><strong>Najbli\u017csze kursy<\/strong> kat. B<\/h4>\n\n\n\n<figure class=\"wp-block-table is-style-regular\"><table><thead><tr><th>Kategorie<\/th><th>Data rozpocz\u0119cia<\/th><th>Cena<\/th><\/tr><\/thead><tbody><tr><td>B<\/td><td>KURS PODSTAWOWY &#8211; zapisy w trybie ci\u0105g\u0142ym, codziennie<\/td><td>4 200 PLN<\/td><\/tr><tr><td>B<\/td><td>KURS WEEKENDOWY<br>KURS EXPRESOWY (20 dni)<br>KURS EXPRESOWY (10 dni)<\/td><td>5 400 PLN<br>5 400 PLN<br>6 300 PLN<\/td><\/tr><tr><td>B<\/td><td>KURS PODSTAWOWY (p\u0142atno\u015b\u0107 ratalna)<\/td><td>4 400 PLN<\/td><\/tr><\/tbody><\/table><\/figure>\n\n\n\n<p><\/p>\n","protected":false},"excerpt":{"rendered":"<p>Najbli\u017csze kursy kat. B Kategorie Data rozpocz\u0119cia Cena B KURS PODSTAWOWY &#8211; zapisy w trybie ci\u0105g\u0142ym, codziennie 4 200 PLN B KURS WEEKENDOWYKURS EXPRESOWY (20 dni)KURS EXPRESOWY (10 dni) 5 400 PLN5 400 PLN6 300 PLN B KURS PODSTAWOWY (p\u0142atno\u015b\u0107 ratalna) 4 400 PLN<\/p>\n","protected":false},"author":1,"featured_media":0,"parent":0,"menu_order":0,"comment_status":"closed","ping_status":"open","template":"","meta":{"spay_email":"","footnotes":""},"class_list":["post-2","page","type-page","status-publish","hentry"],"jetpack-related-posts":[],"_links":{"self":[{"href":"http:\/\/scorpius.walbrzych.pl\/index.php?rest_route=\/wp\/v2\/pages\/2","targetHints":{"allow":["GET"]}}],"collection":[{"href":"http:\/\/scorpius.walbrzych.pl\/index.php?rest_route=\/wp\/v2\/pages"}],"about":[{"href":"http:\/\/scorpius.walbrzych.pl\/index.php?rest_route=\/wp\/v2\/types\/page"}],"author":[{"embeddable":true,"href":"http:\/\/scorpius.walbrzych.pl\/index.php?rest_route=\/wp\/v2\/users\/1"}],"replies":[{"embeddable":true,"href":"http:\/\/scorpius.walbrzych.pl\/index.php?rest_route=%2Fwp%2Fv2%2Fcomments&post=2"}],"version-history":[{"count":207,"href":"http:\/\/scorpius.walbrzych.pl\/index.php?rest_route=\/wp\/v2\/pages\/2\/revisions"}],"predecessor-version":[{"id":940,"href":"http:\/\/scorpius.walbrzych.pl\/index.php?rest_route=\/wp\/v2\/pages\/2\/revisions\/940"}],"wp:attachment":[{"href":"http:\/\/scorpius.walbrzych.pl\/index.php?rest_route=%2Fwp%2Fv2%2Fmedia&parent=2"}],"curies":[{"name":"wp","href":"https:\/\/api.w.org\/{rel}","templated":true}]}}