{"id":15,"date":"2020-09-30T17:37:39","date_gmt":"2020-09-30T15:37:39","guid":{"rendered":"http:\/\/localhost\/scorpius\/?page_id=15"},"modified":"2026-04-15T19:44:11","modified_gmt":"2026-04-15T17:44:11","slug":"cennik","status":"publish","type":"page","link":"http:\/\/scorpius.walbrzych.pl\/?page_id=15","title":{"rendered":"Cennik"},"content":{"rendered":"\n<h2 class=\"wp-block-heading has-text-align-left\" id=\"cennik-obowiazuje-od-01-01-2022-r\">Cennik obowi\u0105zuje od 10.04.2026 r.<\/h2>\n\n\n\n<h4 class=\"wp-block-heading has-text-align-left\" id=\"kategoria-prawa-jazdy-b-cena-kursu-2500-zl\">Kategoria prawa jazdy &#8222;B&#8221; cena kursu 4200z\u0142.<\/h4>\n\n\n\n<h4 class=\"wp-block-heading has-text-align-left\" id=\"mozliwosc-platnosci-ratalnej-cena-kursu-2600-zl\">Mo\u017cliwo\u015b\u0107 p\u0142atno\u015bci ratalnej cena kursu 4400 z\u0142.<\/h4>\n\n\n\n<h4 class=\"wp-block-heading has-text-align-left\" id=\"cena-z-dnia-zapisu-gwarantowana-w-okresie-3-miesiecy-do-zakonczenia-szkolenia-jednak-nie-nizsza-niz-cena-w-dniu-zapisu\">Cena z dnia zapisu gwarantowana w okresie 3 miesi\u0119cy do zako\u0144czenia szkolenia,  jednak nie ni\u017csza ni\u017c cena w dniu zapisu.<\/h4>\n\n\n\n<p class=\"has-text-align-left\"><strong>U nas proste zasady i raty 0%<\/strong><strong>&nbsp;&#8211; bez um\u00f3w i prowizji.<\/strong><\/p>\n\n\n\n<figure class=\"wp-block-pullquote has-border-color has-text-color\" style=\"border-color:#100e8a;color:#05476d\"><blockquote><p>1-rata przed rozpocz\u0119ciem kursu \u2013 kwota 1500&nbsp;z\u0142.<br>2-rata przed rozpocz\u0119ciem kursu praktycznego \u2013 kwota 1500 z\u0142.<br>3-rata przed rozpocz\u0119ciem 10-tej godziny jazdy \u2013 kwota 1400 z\u0142.<\/p><cite>Wp\u0142at mo\u017cna dokonywa\u0107 BLIKIEM<br>na nr. tel. 724733703<br>lub przelewem na konto: <br><strong><span style=\"background-color:rgba(0, 0, 0, 0)\" class=\"has-inline-color has-vivid-red-color\">19 1090 2271 0000 0005 8401 8118<\/span><\/strong> BANK SANTANDER<\/cite><\/blockquote><\/figure>\n\n\n\n<h4 class=\"wp-block-heading has-text-align-left has-black-color has-text-color\" id=\"b-ksiazka-aplikacja-online-gratis-b-drugi-i-kolejny-egzamin-wewnetrzny-praktyczny-90-zl-cena-1-jednej-godziny-jazdyb-jazdy-doszkalajace-80-zl\"><br>B &#8211; drugi i kolejny egzamin wewn\u0119trzny praktyczny &#8211; 150&nbsp;z\u0142&nbsp;cena&nbsp; ( 1 ) jednej godziny jazdy<\/h4>\n\n\n\n<h4 class=\"wp-block-heading has-text-align-left has-black-color has-text-color\" id=\"b-ksiazka-aplikacja-online-gratis-b-drugi-i-kolejny-egzamin-wewnetrzny-praktyczny-90-zl-cena-1-jednej-godziny-jazdyb-jazdy-doszkalajace-80-zl\">B- jazdy doszkalaj\u0105ce &#8211; 140 z\u0142<\/h4>\n\n\n\n<h4 class=\"wp-block-heading has-text-align-left has-black-color has-text-color\" id=\"b-ksiazka-aplikacja-online-gratis-b-drugi-i-kolejny-egzamin-wewnetrzny-praktyczny-90-zl-cena-1-jednej-godziny-jazdyb-jazdy-doszkalajace-80-zl\">B- Jazda doszkalaj\u0105ca dla kursant\u00f3w innych szk\u00f3\u0142 &#8211; 150 z\u0142<br>B- Jazda doszkalaj\u0105ca w expresowej kolejno\u015bci &#8211; 200 z\u0142<\/h4>\n\n\n\n<h4 class=\"wp-block-heading has-text-align-left has-black-color has-text-color\" id=\"b-ksiazka-aplikacja-online-gratis-b-drugi-i-kolejny-egzamin-wewnetrzny-praktyczny-90-zl-cena-1-jednej-godziny-jazdyb-jazdy-doszkalajace-80-zl\">B &#8211; badanie lekarskie &#8211;\u00a0200 z\u0142<strong><br><br>Niniejszy cennik nie stanowi oferty handlowej w rozumieniu Kodeksu Cywilnego.<br><\/strong><\/h4>\n\n\n\n<h4 class=\"wp-block-heading has-text-align-left has-black-color has-text-color\" id=\"obowiazuje-cena-z-dnia-zapisu\">Obowi\u0105zuje cena z dnia zapisu<\/h4>\n\n\n\n<p><\/p>\n\n\n\n<p><strong>ROZPOCZ\u0118CIE KURSU<\/strong><\/p>\n\n\n\n<p>Data zapisania si\u0119 na&nbsp;kurs prawa jazdy, jest dat\u0105 w&nbsp;kt\u00f3rej&nbsp;Kursant wyrazi ch\u0119\u0107 przyst\u0105pienia do&nbsp;kursu i&nbsp;dokona pierwszej raty w&nbsp;wysoko\u015bci minimum 1500 z\u0142 w&nbsp;przypadku kategorii B i&nbsp;1800&nbsp;z\u0142 kursu EXPRESOWEGO.<\/p>\n\n\n\n<p>Data rozpocz\u0119cia kursu jest dat\u0105 z&nbsp;kt\u00f3r\u0105 Kierownik O\u015brodka zg\u0142osi rozpocz\u0119cie kursu do&nbsp;odpowiedniego organu nadzoruj\u0105cego. Kierownik nie&nbsp;mo\u017ce tego zrobi\u0107 dop\u00f3ty, dop\u00f3ki Kursant nie&nbsp;dostarczy do&nbsp;O\u015brodka, swojego PKK. Dlatego&nbsp;<strong>data rozpocz\u0119cia kursu jest najcz\u0119\u015bciej dat\u0105 najbli\u017cszych zaj\u0119\u0107 teoretycznych, w&nbsp;kt\u00f3rych&nbsp;uczestniczy\u0142 Kursant&nbsp;<u>po&nbsp;dostarczeniu PKK<\/u>.<\/strong>&nbsp;Do&nbsp;tego czasu Kursant, kt\u00f3ry&nbsp;zapisa\u0142 si\u0119 na&nbsp;kurs prawa jazdy, mo\u017ce uczestniczy\u0107 w&nbsp;zaj\u0119ciach teoretycznych w&nbsp;charakterze wolnego s\u0142uchacza. Zaj\u0119cia, w&nbsp;kt\u00f3rych&nbsp;uczestniczy\u0142 w&nbsp;tym charakterze, nie&nbsp;wliczaj\u0105 si\u0119 do&nbsp;wymaganego minimum i&nbsp;s\u0105 warto\u015bci\u0105 dodan\u0105. Kursant ma prawo do&nbsp;uczestniczenia w&nbsp;dowolnej ilo\u015bci zaj\u0119\u0107 teoretycznych, w&nbsp;trakcie ca\u0142ego kursu, w&nbsp;charakterze wolnego s\u0142uchacza, od&nbsp;momentu zapisania si\u0119 na&nbsp;kurs, do&nbsp;momentu jego uko\u0144czenia, tzn. daty zaliczenia z&nbsp;wynikiem pozytywnym egzaminu wewn\u0119trznego w&nbsp;cz\u0119\u015bci teoretycznej i&nbsp;praktycznej, lub rezygnacji z&nbsp;kursu.&nbsp;<strong>O\u015brodek Szkolenia Kierowc\u00f3w nie&nbsp;pobiera za&nbsp;to&nbsp;\u017cadnych op\u0142at.<\/strong><\/p>\n\n\n\n<p><strong>\u00a71<\/strong><\/p>\n\n\n\n<p><strong>UWAGA!!!<\/strong>&nbsp;Naszych Kursant\u00f3w obowi\u0105zuje cennik aktualny na&nbsp;dzie\u0144 rozpocz\u0119cia kursu, czyli dostarczenia PKK.<\/p>\n\n\n\n<p><strong>\u00a72<\/strong><\/p>\n\n\n\n<p><strong>EGZAMIN WEWN\u0118TRZNY<\/strong><\/p>\n\n\n\n<p>Mamy \u015bwiadomo\u015b\u0107, \u017ce&nbsp;niekt\u00f3re O\u015brodki Szkolenia Kierowc\u00f3w, wbrew obowi\u0105zuj\u0105cym przepisom, nie&nbsp;przeprowadzaj\u0105 egzamin\u00f3w wewn\u0119trznych, lub robi\u0105 to&nbsp;w&nbsp;spos\u00f3b niedba\u0142y. Jest to&nbsp;dzia\u0142anie nie&nbsp;tylko&nbsp;niezgodne z&nbsp;prawem, za&nbsp;kt\u00f3re gro\u017c\u0105 O\u015brodkowi Szkolenia Kierowc\u00f3w negatywne konsekwencje, ale&nbsp;przede wszystkim dzia\u0142anie na&nbsp;szkod\u0119 Kursanta. Celem rzetelnego przeprowadzenia egzaminu wewn\u0119trznego jest upewnienie Kursanta w&nbsp;\u015bwiadomo\u015bci, \u017ce&nbsp;zosta\u0142 doskonale przygotowany do&nbsp;egzaminu pa\u0144stwowego i&nbsp;aby poszed\u0142 do&nbsp;DORD z&nbsp;pe\u0142n\u0105 \u015bwiadomo\u015bci\u0105 w\u0142asnych umiej\u0119tno\u015bci, lub wskazanie niedoci\u0105gni\u0119\u0107 i&nbsp;okre\u015blenie, nad&nbsp;kt\u00f3rymi elementami powinni\u015bmy jeszcze popracowa\u0107.<\/p>\n\n\n\n<p><strong>\u00a73<\/strong><\/p>\n\n\n\n<p><strong>PRZERWANIE KURSU<\/strong><\/p>\n\n\n\n<p>Rozumiemy, \u017ce&nbsp;jest wiele przypadk\u00f3w losowych, kt\u00f3re determinuj\u0105 konieczno\u015b\u0107 przerwania kursu. Je\u017celi jednak przerwa trwa d\u0142u\u017cej, ni\u017c p\u00f3\u0142 roku, po&nbsp;powrocie do&nbsp;szkolenia obowi\u0105zuje aktualnie obowi\u0105zuj\u0105cy cennik, nie&nbsp;ten z&nbsp;dnia rozpocz\u0119cia kursu, ale&nbsp;wszelkie dokonane wcze\u015bniej wp\u0142aty nie&nbsp;przepadaj\u0105. Po&nbsp;up\u0142ywie 1&nbsp;roku od&nbsp;ostatnich zaj\u0119\u0107 traktujemy, jak rezygnacj\u0119 z&nbsp;kursu (patrz: rezygnacja z&nbsp;kursu) i&nbsp;nie&nbsp;zwracamy dokonanych wp\u0142at, ale&nbsp;Kursant ma mo\u017cliwo\u015b\u0107 kontynuowania kursu. Po&nbsp;up\u0142ywie 2&nbsp;lat od&nbsp;ostatnich zaj\u0119\u0107, niszczymy wszelk\u0105 dokumentacj\u0119 i&nbsp;kurs nale\u017cy zaczyna\u0107 od&nbsp;nowa.<\/p>\n\n\n\n<p><\/p>\n\n\n\n<p><strong>\u00a74<\/strong><\/p>\n\n\n\n<p><strong>REZYGNACJA Z&nbsp;KURSU<\/strong><\/p>\n\n\n\n<p>Ka\u017cdemu z&nbsp;naszych Kursant\u00f3w, zgodnie z&nbsp;obowi\u0105zuj\u0105cymi przepisami, przys\u0142uguje prawo do&nbsp;rezygnacji z&nbsp;kursu prawa jazdy w&nbsp;jego trakcie, w&nbsp;dowolnym momencie. W&nbsp;przypadku rezygnacji z&nbsp;kursu, lub jego cz\u0119\u015bci, Kursanta obowi\u0105zuje cennik cz\u0105stkowy (osobno za&nbsp;szkolenie teoretyczne i&nbsp;osobno za&nbsp;odbyt\u0105 ka\u017cd\u0105 godzin\u0119 szkolenia praktycznego).<\/p>\n\n\n\n<p><strong>&amp;5<\/strong><\/p>\n\n\n\n<p><strong>1.<\/strong> Zgodnie z Rozporz\u0105dzeniem Ministra Infrastruktury i Budownictwa z dnia 4 marca 2016 r. w sprawie szkolenia os\u00f3b ubiegaj\u0105cych si\u0119 o uprawnienia do kierowania pojazdami, instruktor\u00f3w i wyk\u0142adowc\u00f3w (Dz. U. 2016 poz.280 \u00a718 pkt.2)<\/p>\n\n\n\n<p>\u201e&nbsp;<em>Karty przeprowadzonych zaj\u0119\u0107 os\u00f3b wpisanych do ksi\u0105\u017cki ewidencji os\u00f3b szkolonych oraz kopie kart przeprowadzonych zaj\u0119\u0107 os\u00f3b, kt\u00f3re nie kontynuuj\u0105 szkolenia, przechowuje si\u0119 przez okres 24 miesi\u0119cy od dnia dokonania w nich ostatniego wpisu. Po up\u0142ywie tego okresu karty i ich kopie podlegaj\u0105 zniszczeniu<\/em>.\u201d<\/p>\n","protected":false},"excerpt":{"rendered":"<p>Cennik obowi\u0105zuje od 10.04.2026 r. Kategoria prawa jazdy &#8222;B&#8221; cena kursu 4200z\u0142. Mo\u017cliwo\u015b\u0107 p\u0142atno\u015bci ratalnej cena kursu 4400 z\u0142. Cena z dnia zapisu gwarantowana w okresie 3 miesi\u0119cy do zako\u0144czenia szkolenia, jednak nie ni\u017csza ni\u017c cena w dniu zapisu. U nas proste zasady i raty 0%&nbsp;&#8211; bez um\u00f3w i prowizji. 1-rata przed rozpocz\u0119ciem kursu \u2013 [&hellip;]<\/p>\n","protected":false},"author":1,"featured_media":0,"parent":0,"menu_order":0,"comment_status":"closed","ping_status":"closed","template":"","meta":{"spay_email":"","footnotes":""},"class_list":["post-15","page","type-page","status-publish","hentry"],"jetpack-related-posts":[{"id":2,"url":"http:\/\/scorpius.walbrzych.pl\/?page_id=2","url_meta":{"origin":15,"position":0},"title":"Kursy","date":"17 wrze\u015bnia 2020","format":false,"excerpt":"Najbli\u017csze kursy kat. B KategorieData rozpocz\u0119ciaCenaBKURS PODSTAWOWY - zapisy w trybie ci\u0105g\u0142ym, codziennie4 200 PLNBKURS WEEKENDOWYKURS EXPRESOWY (20 dni)KURS EXPRESOWY (10 dni)5 400 PLN5 400 PLN6 300 PLNBKURS PODSTAWOWY (p\u0142atno\u015b\u0107 ratalna)4 400 PLN","rel":"","context":"Similar post","img":{"alt_text":"","src":"","width":0,"height":0},"classes":[]},{"id":43,"url":"http:\/\/scorpius.walbrzych.pl\/?page_id=43","url_meta":{"origin":15,"position":1},"title":"&amp; Ustawy","date":"22 pa\u017adziernika 2020","format":false,"excerpt":"USTAWY & 1. Zgodnie z Rozporz\u0105dzeniem Ministra Infrastruktury i Budownictwa z dnia 4 marca 2016 r. w sprawie szkolenia os\u00f3b ubiegaj\u0105cych si\u0119 o uprawnienia do kierowania pojazdami, instruktor\u00f3w i wyk\u0142adowc\u00f3w (Dz. U. 2016 poz.280 \u00a718 pkt.2) \u201e\u00a0Karty przeprowadzonych zaj\u0119\u0107 os\u00f3b wpisanych do ksi\u0105\u017cki ewidencji os\u00f3b szkolonych oraz kopie kart przeprowadzonych\u2026","rel":"","context":"Similar post","img":{"alt_text":"","src":"https:\/\/i0.wp.com\/scorpius.walbrzych.pl\/wp-content\/uploads\/2020\/12\/130587795_407659507144254_5536703151402551794_n.jpg?fit=900%2C1200&resize=350%2C200","width":350,"height":200},"classes":[]},{"id":66,"url":"http:\/\/scorpius.walbrzych.pl\/","url_meta":{"origin":15,"position":2},"title":"Strona G\u0142\u00f3wna","date":"4 grudnia 2020","format":false,"excerpt":"ZAPISY NA KURS W TRYBIE CI\u0104G\u0141YM. \ud83d\udea8\ud83d\udea6\ud83d\ude98","rel":"","context":"Similar post","img":{"alt_text":"","src":"","width":0,"height":0},"classes":[]}],"_links":{"self":[{"href":"http:\/\/scorpius.walbrzych.pl\/index.php?rest_route=\/wp\/v2\/pages\/15","targetHints":{"allow":["GET"]}}],"collection":[{"href":"http:\/\/scorpius.walbrzych.pl\/index.php?rest_route=\/wp\/v2\/pages"}],"about":[{"href":"http:\/\/scorpius.walbrzych.pl\/index.php?rest_route=\/wp\/v2\/types\/page"}],"author":[{"embeddable":true,"href":"http:\/\/scorpius.walbrzych.pl\/index.php?rest_route=\/wp\/v2\/users\/1"}],"replies":[{"embeddable":true,"href":"http:\/\/scorpius.walbrzych.pl\/index.php?rest_route=%2Fwp%2Fv2%2Fcomments&post=15"}],"version-history":[{"count":112,"href":"http:\/\/scorpius.walbrzych.pl\/index.php?rest_route=\/wp\/v2\/pages\/15\/revisions"}],"predecessor-version":[{"id":941,"href":"http:\/\/scorpius.walbrzych.pl\/index.php?rest_route=\/wp\/v2\/pages\/15\/revisions\/941"}],"wp:attachment":[{"href":"http:\/\/scorpius.walbrzych.pl\/index.php?rest_route=%2Fwp%2Fv2%2Fmedia&parent=15"}],"curies":[{"name":"wp","href":"https:\/\/api.w.org\/{rel}","templated":true}]}}